{"id":664,"date":"2023-09-30T11:20:48","date_gmt":"2023-09-30T11:20:48","guid":{"rendered":"https:\/\/vietnamkonsoloslugu.org.tr\/?page_id=664"},"modified":"2023-09-30T12:57:12","modified_gmt":"2023-09-30T12:57:12","slug":"e-vize","status":"publish","type":"page","link":"https:\/\/vietnamkonsoloslugu.org.tr\/en\/e-vize\/","title":{"rendered":"E Vize"},"content":{"rendered":"<div data-elementor-type=\"wp-page\" data-elementor-id=\"664\" class=\"elementor elementor-664\" data-elementor-post-type=\"page\">\n\t\t\t\t\t\t<section class=\"elementor-section elementor-top-section elementor-element elementor-element-08e439c elementor-section-boxed elementor-section-height-default elementor-section-height-default\" data-id=\"08e439c\" data-element_type=\"section\" data-e-type=\"section\" data-settings=\"{&quot;jet_parallax_layout_list&quot;:[]}\">\n\t\t\t\t\t\t<div class=\"elementor-container elementor-column-gap-default\">\n\t\t\t\t\t<div class=\"elementor-column elementor-col-100 elementor-top-column elementor-element elementor-element-daced87\" data-id=\"daced87\" data-element_type=\"column\" data-e-type=\"column\">\n\t\t\t<div class=\"elementor-widget-wrap elementor-element-populated\">\n\t\t\t\t\t\t<div class=\"elementor-element elementor-element-c47bc81 elementor-widget elementor-widget-text-editor\" data-id=\"c47bc81\" data-element_type=\"widget\" data-e-type=\"widget\" data-widget_type=\"text-editor.default\">\n\t\t\t\t<div class=\"elementor-widget-container\">\n\t\t\t\t\t\t\t\t\t<p>E vize ba\u015fvurular\u0131n\u0131z i\u00e7in l\u00fctfen a\u015fa\u011f\u0131daki linki ziyaret ediniz:<\/p><p><a href=\"https:\/\/evisa.xuatnhapcanh.gov.vn\/web\/guest\/khai-thi-thuc-dien-tu\/cap-thi-thuc-dien-tu?p_p_id=khaithithucdientu_WAR_eVisaportlet&amp;p_p_lifecycle=0&amp;p_p_state=normal&amp;p_p_mode=view&amp;p_p_col_id=column-2&amp;p_p_col_count=1&amp;_khaithithucdientu_WAR_eVisaportlet_view=insert\" target=\"_blank\" rel=\"noopener\">https:\/\/evisa.xuatnhapcanh.gov.vn\/web\/guest\/khai-thi-thuc-dien-tu\/cap-thi-thuc-dien-tu?p_p_id=khaithithucdientu_WAR_eVisaportlet&amp;p_p_lifecycle=0&amp;p_p_state=normal&amp;p_p_mode=view&amp;p_p_col_id=column-2&amp;p_p_col_count=1&amp;_khaithithucdientu_WAR_eVisaportlet_view=insert<\/a><\/p><p>T\u00fcm T\u00fcrkiye Cumhuriyeti Vatanda\u015flar\u0131 art\u0131k Vietnam&#8217;a E Vize ile giri\u015f yapabilmektedir.<\/p><p>\u00a0<\/p>\t\t\t\t\t\t\t\t<\/div>\n\t\t\t\t<\/div>\n\t\t\t\t\t<\/div>\n\t\t<\/div>\n\t\t\t\t\t<\/div>\n\t\t<\/section>\n\t\t\t\t<\/div>","protected":false},"excerpt":{"rendered":"<p>E vize ba\u015fvurular\u0131n\u0131z i\u00e7in l\u00fctfen a\u015fa\u011f\u0131daki linki ziyaret ediniz: https:\/\/evisa.xuatnhapcanh.gov.vn\/web\/guest\/khai-thi-thuc-dien-tu\/cap-thi-thuc-dien-tu?p_p_id=khaithithucdientu_WAR_eVisaportlet&amp;p_p_lifecycle=0&amp;p_p_state=normal&amp;p_p_mode=view&amp;p_p_col_id=column-2&amp;p_p_col_count=1&amp;_khaithithucdientu_WAR_eVisaportlet_view=insert T\u00fcm T\u00fcrkiye Cumhuriyeti Vatanda\u015flar\u0131 art\u0131k Vietnam&#8217;a E Vize ile giri\u015f yapabilmektedir. \u00a0<\/p>","protected":false},"author":1,"featured_media":659,"parent":0,"menu_order":0,"comment_status":"closed","ping_status":"closed","template":"","meta":{"footnotes":""},"class_list":["post-664","page","type-page","status-publish","has-post-thumbnail","hentry"],"_links":{"self":[{"href":"https:\/\/vietnamkonsoloslugu.org.tr\/en\/wp-json\/wp\/v2\/pages\/664","targetHints":{"allow":["GET"]}}],"collection":[{"href":"https:\/\/vietnamkonsoloslugu.org.tr\/en\/wp-json\/wp\/v2\/pages"}],"about":[{"href":"https:\/\/vietnamkonsoloslugu.org.tr\/en\/wp-json\/wp\/v2\/types\/page"}],"author":[{"embeddable":true,"href":"https:\/\/vietnamkonsoloslugu.org.tr\/en\/wp-json\/wp\/v2\/users\/1"}],"replies":[{"embeddable":true,"href":"https:\/\/vietnamkonsoloslugu.org.tr\/en\/wp-json\/wp\/v2\/comments?post=664"}],"version-history":[{"count":7,"href":"https:\/\/vietnamkonsoloslugu.org.tr\/en\/wp-json\/wp\/v2\/pages\/664\/revisions"}],"predecessor-version":[{"id":712,"href":"https:\/\/vietnamkonsoloslugu.org.tr\/en\/wp-json\/wp\/v2\/pages\/664\/revisions\/712"}],"wp:featuredmedia":[{"embeddable":true,"href":"https:\/\/vietnamkonsoloslugu.org.tr\/en\/wp-json\/wp\/v2\/media\/659"}],"wp:attachment":[{"href":"https:\/\/vietnamkonsoloslugu.org.tr\/en\/wp-json\/wp\/v2\/media?parent=664"}],"curies":[{"name":"wp","href":"https:\/\/api.w.org\/{rel}","templated":true}]}}